
{"id":889,"date":"2019-01-04T21:49:31","date_gmt":"2019-01-04T21:49:31","guid":{"rendered":"http:\/\/127.0.0.1\/wp\/product\/pudeli-avaja-star-wars-kosmoselaev\/"},"modified":"2019-01-04T21:49:31","modified_gmt":"2019-01-04T21:49:31","slug":"pudeli-avaja-star-wars-kosmoselaev","status":"publish","type":"product","link":"https:\/\/www.goodstore.eu\/en\/shop\/pudeli-avaja-star-wars-kosmoselaev\/","title":{"rendered":"Pudeli avaja, korgitser, &#8220;Star Wars Kosmoselaev&#8221;"},"content":{"rendered":"<p>Kasutatud materjal:\u00a0Alumiiniumi sulam<\/p>\n<p>V\u00e4rvus:\u00a0Pruun \/ pronksi karva<\/p>\n<p>M\u00f5\u00f5dud: 60 mm\u00a0x\u00a050 mm<\/p>\n<p>Toote kaal: 0.030 kg<\/p>\n<p>Pakend sisaldab:\u00a0 Star Wars temaatiline pudeliavaja\u00a01 tk.<\/p>\n","protected":false},"excerpt":{"rendered":"<p>Uus ja eriti lahe pudeliavaja!<\/p>\n<p>Seda\u00a0vidinat on kerge ja ohutu kaasas\u00a0kanda\u00a0kas kotis v\u00f5i taskus ning mugav igal ajal ka kasutada.<\/p>\n<p>Suurep\u00e4rane \u00e4rikink v\u00f5i lihtsalt kingitus\u00a0igale vanusele.<\/p>\n<p>V\u00f5ite seda kasutada k\u00f5ikjal &#8211; telkimisel, koduses majapidamises v\u00f5i matkates.<\/p>\n","protected":false},"featured_media":884,"comment_status":"open","ping_status":"closed","template":"","meta":{"om_disable_all_campaigns":false,"_monsterinsights_skip_tracking":false,"_monsterinsights_sitenote_active":false,"_monsterinsights_sitenote_note":"","_monsterinsights_sitenote_category":0},"product_cat":[34],"product_tag":[],"class_list":{"0":"post-889","1":"product","2":"type-product","3":"status-publish","4":"has-post-thumbnail","6":"product_cat-kingitused-ja-kingiideed","9":"first","10":"instock","11":"taxable","12":"shipping-taxable","13":"purchasable","14":"product-type-simple"},"aioseo_notices":[],"_links":{"self":[{"href":"https:\/\/www.goodstore.eu\/en\/wp-json\/wp\/v2\/product\/889"}],"collection":[{"href":"https:\/\/www.goodstore.eu\/en\/wp-json\/wp\/v2\/product"}],"about":[{"href":"https:\/\/www.goodstore.eu\/en\/wp-json\/wp\/v2\/types\/product"}],"replies":[{"embeddable":true,"href":"https:\/\/www.goodstore.eu\/en\/wp-json\/wp\/v2\/comments?post=889"}],"wp:featuredmedia":[{"embeddable":true,"href":"https:\/\/www.goodstore.eu\/en\/wp-json\/wp\/v2\/media\/884"}],"wp:attachment":[{"href":"https:\/\/www.goodstore.eu\/en\/wp-json\/wp\/v2\/media?parent=889"}],"wp:term":[{"taxonomy":"product_cat","embeddable":true,"href":"https:\/\/www.goodstore.eu\/en\/wp-json\/wp\/v2\/product_cat?post=889"},{"taxonomy":"product_tag","embeddable":true,"href":"https:\/\/www.goodstore.eu\/en\/wp-json\/wp\/v2\/product_tag?post=889"}],"curies":[{"name":"wp","href":"https:\/\/api.w.org\/{rel}","templated":true}]}}