
{"id":883,"date":"2019-01-02T10:24:19","date_gmt":"2019-01-02T10:24:19","guid":{"rendered":"http:\/\/127.0.0.1\/wp\/product\/mitme-otstarbeline-tasku-tooriist-lumehelbeke\/"},"modified":"2022-12-10T19:28:51","modified_gmt":"2022-12-10T19:28:51","slug":"mitme-otstarbeline-tasku-tooriist-lumehelbeke","status":"publish","type":"product","link":"https:\/\/www.goodstore.eu\/en\/shop\/mitme-otstarbeline-tasku-tooriist-lumehelbeke\/","title":{"rendered":"Mitme otstarbeline tasku t\u00f6\u00f6riist &#8220;Lumehelbeke&#8221;"},"content":{"rendered":"<p>Kasutatud materjal: Roostevaba teras 420<\/p>\n<p>V\u00e4rvus:\u00a0V\u00e4rviline v\u00e4rvkate<\/p>\n<p>M\u00f5\u00f5dud: Diameeter 60 mm ja\u00a0paksus 6.5 mm<\/p>\n<p>Toote kaal koos metallkarbiga: 0.125 kg<\/p>\n<p>Pakend sisaldab:\u00a0 Lumehelbekese kujuline mitmikt\u00f6\u00f6riist 1 tk ja metallist kinkekarp 1 tk.<\/p>\n","protected":false},"excerpt":{"rendered":"<p>Uus ja kvaliteetne taskukomplekt mitteprofessionaalseks kasutamiseks.<\/p>\n<p>Seda mini t\u00f6\u00f6riista on kerge ja ohutu kaasas\u00a0kanda\u00a0kas kotis v\u00f5i taskus ning mugav igal ajal ka kasutada.<\/p>\n<p>Suurep\u00e4rane \u00e4rikink v\u00f5i lihtsalt kingitus 14+ aasta vanusele.<\/p>\n<p>V\u00f5ite seda kasutada k\u00f5ikjal &#8211; telkimisel, jalgratta remondil-hooldusel, koduses majapidamises v\u00f5i siis lihtsalt midagi putitades.<\/p>\n<p>Lumehelbe kujulisel mitmik\u00a0mutriv\u00f5tmel on v\u00e4hemalt 19 erinevat kasutusotstarvet.<\/p>\n<p>N\u00e4iteks 3 erinevat t\u00fc\u00fcpi kruvikeerajaid, 3 erineva suurusega kuuskantv\u00f5tit, pudeli avaja, 10 erinevat suurust mutriv\u00f5tit, v\u00f5tmehoidja jne.<\/p>\n","protected":false},"featured_media":879,"comment_status":"open","ping_status":"closed","template":"","meta":{"om_disable_all_campaigns":false,"_monsterinsights_skip_tracking":false,"_monsterinsights_sitenote_active":false,"_monsterinsights_sitenote_note":"","_monsterinsights_sitenote_category":0},"product_cat":[34],"product_tag":[],"class_list":{"0":"post-883","1":"product","2":"type-product","3":"status-publish","4":"has-post-thumbnail","6":"product_cat-kingitused-ja-kingiideed","9":"first","10":"outofstock","11":"sale","12":"taxable","13":"shipping-taxable","14":"purchasable","15":"product-type-simple"},"aioseo_notices":[],"_links":{"self":[{"href":"https:\/\/www.goodstore.eu\/en\/wp-json\/wp\/v2\/product\/883"}],"collection":[{"href":"https:\/\/www.goodstore.eu\/en\/wp-json\/wp\/v2\/product"}],"about":[{"href":"https:\/\/www.goodstore.eu\/en\/wp-json\/wp\/v2\/types\/product"}],"replies":[{"embeddable":true,"href":"https:\/\/www.goodstore.eu\/en\/wp-json\/wp\/v2\/comments?post=883"}],"wp:featuredmedia":[{"embeddable":true,"href":"https:\/\/www.goodstore.eu\/en\/wp-json\/wp\/v2\/media\/879"}],"wp:attachment":[{"href":"https:\/\/www.goodstore.eu\/en\/wp-json\/wp\/v2\/media?parent=883"}],"wp:term":[{"taxonomy":"product_cat","embeddable":true,"href":"https:\/\/www.goodstore.eu\/en\/wp-json\/wp\/v2\/product_cat?post=883"},{"taxonomy":"product_tag","embeddable":true,"href":"https:\/\/www.goodstore.eu\/en\/wp-json\/wp\/v2\/product_tag?post=883"}],"curies":[{"name":"wp","href":"https:\/\/api.w.org\/{rel}","templated":true}]}}