
{"id":416,"date":"2018-02-08T10:33:25","date_gmt":"2018-02-08T10:33:25","guid":{"rendered":"http:\/\/127.0.0.1\/wp\/product\/koenigsegg-agera-rs-grafiit-skaala-118\/"},"modified":"2023-01-22T22:00:07","modified_gmt":"2023-01-22T22:00:07","slug":"koenigsegg-agera-rs-carbon-fiber-scale-118","status":"publish","type":"product","link":"https:\/\/www.goodstore.eu\/en\/shop\/koenigsegg-agera-rs-carbon-fiber-scale-118\/","title":{"rendered":"Koenigsegg Agera RS skaalas 1:18"},"content":{"rendered":"<p>Kollektsion\u00e4\u00e4ri mudelauto Koenigsegg\u00a0Agera RS<\/p>\n<p>1:18\u00a0skaala<\/p>\n<p>Ainult v\u00e4ga limiteeritud kogus, 298 tk on valmistatud.<\/p>\n","protected":false},"excerpt":{"rendered":"<p>Tootja:\u00a0FrontiArt Scale Models<\/p>\n<p>Koenigsegg Agera RS mudel on punast ja musta v\u00e4rvi + must salong. See m\u00fc\u00fcgikuulutus on t\u00f5sisele kollektsion\u00e4\u00e4rile, kes teab mis on ehtne ja\u00a0 hea. Pakend on avamata, kasutamata. Display boxi m\u00f5\u00f5tmed on 320x165x125 mm.<\/p>\n<p>Kokku on toodetud\u00a0neid 298 eksemplari, piiratud v\u00e4ljaanne.<\/p>\n<p>Mudel kannab tootmise j\u00e4rjekorranumbrit 176.<\/p>\n<p><strong>T\u00f5sise kollektsion\u00e4\u00e4ri\u00a0unelmate auto!<\/strong><\/p>\n","protected":false},"featured_media":414,"comment_status":"open","ping_status":"closed","template":"","meta":{"om_disable_all_campaigns":false,"_monsterinsights_skip_tracking":false,"_monsterinsights_sitenote_active":false,"_monsterinsights_sitenote_note":"","_monsterinsights_sitenote_category":0},"product_cat":[31,35],"product_tag":[],"class_list":{"0":"post-416","1":"product","2":"type-product","3":"status-publish","4":"has-post-thumbnail","6":"product_cat-avalehele","7":"product_cat-mudelautod","10":"first","11":"outofstock","12":"sale","13":"taxable","14":"shipping-taxable","15":"purchasable","16":"product-type-simple"},"aioseo_notices":[],"_links":{"self":[{"href":"https:\/\/www.goodstore.eu\/en\/wp-json\/wp\/v2\/product\/416"}],"collection":[{"href":"https:\/\/www.goodstore.eu\/en\/wp-json\/wp\/v2\/product"}],"about":[{"href":"https:\/\/www.goodstore.eu\/en\/wp-json\/wp\/v2\/types\/product"}],"replies":[{"embeddable":true,"href":"https:\/\/www.goodstore.eu\/en\/wp-json\/wp\/v2\/comments?post=416"}],"wp:featuredmedia":[{"embeddable":true,"href":"https:\/\/www.goodstore.eu\/en\/wp-json\/wp\/v2\/media\/414"}],"wp:attachment":[{"href":"https:\/\/www.goodstore.eu\/en\/wp-json\/wp\/v2\/media?parent=416"}],"wp:term":[{"taxonomy":"product_cat","embeddable":true,"href":"https:\/\/www.goodstore.eu\/en\/wp-json\/wp\/v2\/product_cat?post=416"},{"taxonomy":"product_tag","embeddable":true,"href":"https:\/\/www.goodstore.eu\/en\/wp-json\/wp\/v2\/product_tag?post=416"}],"curies":[{"name":"wp","href":"https:\/\/api.w.org\/{rel}","templated":true}]}}