
{"id":405,"date":"2018-01-25T17:53:56","date_gmt":"2018-01-25T17:53:56","guid":{"rendered":"http:\/\/127.0.0.1\/wp\/product\/kanistrikujuline-taskuplasku-joogiplasku\/"},"modified":"2022-12-10T19:33:17","modified_gmt":"2022-12-10T19:33:17","slug":"kanistrikujuline-taskuplasku-joogiplasku","status":"publish","type":"product","link":"https:\/\/www.goodstore.eu\/en\/shop\/kanistrikujuline-taskuplasku-joogiplasku\/","title":{"rendered":"Kanistrikujuline taskupl\u00e4sku \/ joogipl\u00e4sku"},"content":{"rendered":"<p>Toote t\u00fc\u00fcp: Praktiline kingitus,\u00a0Praktiline \u00e4rikink<\/p>\n<p>Toote stiil:\u00a0Euroopalik<\/p>\n<p>Toote materjal:\u00a0Roostevaba teras<\/p>\n<p>Toote kuju:\u00a0K\u00fctuse kanister<\/p>\n<p>Toote omadused: Valmistatud k\u00f5rgekvaliteedilisest toiduainetele m\u00f5eldud roostevabast terasest, turvaline ja vastupidav, m\u00f5eldud igap\u00e4eva kasutuseks.<\/p>\n<p>Toote kasutusviis: Saab v\u00f5tta endaga kaasa kas v\u00e4ikse napsi v\u00f5i m\u00f5ne muu lemmikjoogi<\/p>\n<p>Toote v\u00e4rvus:\u00a0L\u00e4ikiv kroom<\/p>\n<p>Mahutavus: 0,15 liitrit (5 vedeliku untsi)<\/p>\n<p>M\u00f5\u00f5dud: 95mm x 70mm x 25mm<\/p>\n<p>Pakend sisaldab: Kanistrikujuline joogipl\u00e4sku\u00a01\u00a0tk<\/p>\n","protected":false},"excerpt":{"rendered":"<div id=\"gt-res-content\">\n<div id=\"gt-res-dir-ctr\" dir=\"ltr\" class=\"trans-verified-button-small\">\n<div dir=\"ltr\" class=\"trans-verified-button-small\"><\/div>\n<\/p><\/div>\n<\/p><\/div>\n","protected":false},"featured_media":402,"comment_status":"open","ping_status":"closed","template":"","meta":{"om_disable_all_campaigns":false,"_monsterinsights_skip_tracking":false,"_monsterinsights_sitenote_active":false,"_monsterinsights_sitenote_note":"","_monsterinsights_sitenote_category":0},"product_cat":[34],"product_tag":[],"class_list":{"0":"post-405","1":"product","2":"type-product","3":"status-publish","4":"has-post-thumbnail","6":"product_cat-kingitused-ja-kingiideed","9":"first","10":"outofstock","11":"taxable","12":"shipping-taxable","13":"purchasable","14":"product-type-simple"},"aioseo_notices":[],"_links":{"self":[{"href":"https:\/\/www.goodstore.eu\/en\/wp-json\/wp\/v2\/product\/405"}],"collection":[{"href":"https:\/\/www.goodstore.eu\/en\/wp-json\/wp\/v2\/product"}],"about":[{"href":"https:\/\/www.goodstore.eu\/en\/wp-json\/wp\/v2\/types\/product"}],"replies":[{"embeddable":true,"href":"https:\/\/www.goodstore.eu\/en\/wp-json\/wp\/v2\/comments?post=405"}],"wp:featuredmedia":[{"embeddable":true,"href":"https:\/\/www.goodstore.eu\/en\/wp-json\/wp\/v2\/media\/402"}],"wp:attachment":[{"href":"https:\/\/www.goodstore.eu\/en\/wp-json\/wp\/v2\/media?parent=405"}],"wp:term":[{"taxonomy":"product_cat","embeddable":true,"href":"https:\/\/www.goodstore.eu\/en\/wp-json\/wp\/v2\/product_cat?post=405"},{"taxonomy":"product_tag","embeddable":true,"href":"https:\/\/www.goodstore.eu\/en\/wp-json\/wp\/v2\/product_tag?post=405"}],"curies":[{"name":"wp","href":"https:\/\/api.w.org\/{rel}","templated":true}]}}