
{"id":1935,"date":"2019-04-11T08:25:00","date_gmt":"2019-04-11T08:25:00","guid":{"rendered":"http:\/\/127.0.0.1\/wp\/product\/fotokaamera-fujifilm-instax-mini-9-helesinine\/"},"modified":"2026-04-19T06:09:05","modified_gmt":"2026-04-19T06:09:05","slug":"fotokaamera-fujifilm-instax-mini-9-helesinine","status":"publish","type":"product","link":"https:\/\/www.goodstore.eu\/en\/shop\/fotokaamera-fujifilm-instax-mini-9-helesinine\/","title":{"rendered":"Fotokaamera Fujifilm Instax Mini 9, helesinine"},"content":{"rendered":"<p><strong>Tehnilised andmed<\/strong><\/p>\n<p>Sobiv pildimaterjal:\u00a0 Fujifilm Instax mini<\/p>\n<p>Paberi suurus: 54 \u00d7 86 mm<\/p>\n<p>Pildi suurus: 62 \u00d7 46 mm<\/p>\n<p>Pildiotsija: Optiline<\/p>\n<p>Teravustamine: 0,6 m \u2013 \u221e<\/p>\n<p>S\u00e4riajad 1\/60 sek<\/p>\n<p>S\u00e4rijuhtimine: Automaatne<\/p>\n<p>V\u00e4lk -&gt; Jah\u00a0<\/p>\n<p>T\u00f6\u00f6kaugus: 0,6 m &#8211; 2,7 m<\/p>\n<p>Toide: 2 \u00d7 AA leelispatarei v\u00f5i NiMH aku (ei kuulu komplekti)<\/p>\n<p><strong>\u00dcldine<\/strong><\/p>\n<p>Kere v\u00e4rvus: Helesinine<\/p>\n<p>Pakendi koosseis: 1 x kaamera; 1 x lisaobjektiiv; 1 x kaamerarihm<\/p>\n<p>Laius: 116 mm<\/p>\n<p>S\u00fcgavus: 68,2 mm<\/p>\n<p>K\u00f5rgus: 118,3 mm<\/p>\n<p>Kaal: 307g<\/p>\n","protected":false},"excerpt":{"rendered":"<p><span style=\"color:#292929;font-family:'Open Sans', sans-serif;font-size:14px;\">Instax seeria kaamerad on m\u00f5eldud hetke j\u00e4\u00e4dvustamiseks otse fotole \u2013\u00a0lihtne ja mugav.\u00a0Kaamera k\u00e4ivitamiseks t\u00f5mba objektiiv korpusest v\u00e4lja ja vali ereduse kettaga sobiv stseen. Teravustamine ja v\u00e4lk on t\u00e4isautomaatsed ega vaja seadistamist. Lihtsalt vajuta p\u00e4\u00e4stikut ja krediitkaardi suurune foto ongi tehtud!<\/span><br style=\"color:#292929;font-family:'Open Sans', sans-serif;font-size:14px;\" \/><br style=\"color:#292929;font-family:'Open Sans', sans-serif;font-size:14px;\" \/><span style=\"color:#292929;font-family:'Open Sans', sans-serif;font-size:14px;\">Instax mini 9 k\u00fclge on monteeritud ka asjalik\u00a0<\/span><em>selfie<\/em><span style=\"color:#292929;font-family:'Open Sans', sans-serif;font-size:14px;\">-peegel, mis aitab iseennast paremini kadreerida. Peale selle on v\u00f5imalik uue Instax Mini 9 kaamerale k\u00fclge kinnitada lisaobjektiivi, mis on m\u00f5eldud peaaegu makrofotode tegemiseks (l\u00e4him teravustamiskaugus: 35 cm).<\/span><\/p>\n<ul style=\"margin:10px 0px 0px;padding:0px;list-style-position:inside;color:#292929;font-family:'Open Sans', sans-serif;font-size:14px;\">\n<li style=\"line-height:20px;padding-bottom:4px;\">Sobiv pildimaterjal: Fujifilm Instant Color film &#8220;instax mini&#8221;<\/li>\n<li style=\"line-height:20px;padding-bottom:4px;\">Foto suurus: 62 \u00d7 46 mm<\/li>\n<li style=\"line-height:20px;padding-bottom:4px;\">S\u00e4riaeg: 1\/60 sek<\/li>\n<li style=\"line-height:20px;padding-bottom:4px;\">Komplektis rihm &amp; lisaobjektiiv\n<\/li>\n<\/ul>\n<p>Tootja kood:\u00a016550693<\/p>\n","protected":false},"featured_media":1929,"comment_status":"open","ping_status":"closed","template":"","meta":{"om_disable_all_campaigns":false,"_monsterinsights_skip_tracking":false,"_monsterinsights_sitenote_active":false,"_monsterinsights_sitenote_note":"","_monsterinsights_sitenote_category":0},"product_cat":[31,34,37],"product_tag":[],"class_list":{"0":"post-1935","1":"product","2":"type-product","3":"status-publish","4":"has-post-thumbnail","6":"product_cat-avalehele","7":"product_cat-kingitused-ja-kingiideed","8":"product_cat-maenguasjad-ja-nutimaengud","11":"first","12":"outofstock","13":"sale","14":"taxable","15":"shipping-taxable","16":"purchasable","17":"product-type-simple"},"aioseo_notices":[],"_links":{"self":[{"href":"https:\/\/www.goodstore.eu\/en\/wp-json\/wp\/v2\/product\/1935"}],"collection":[{"href":"https:\/\/www.goodstore.eu\/en\/wp-json\/wp\/v2\/product"}],"about":[{"href":"https:\/\/www.goodstore.eu\/en\/wp-json\/wp\/v2\/types\/product"}],"replies":[{"embeddable":true,"href":"https:\/\/www.goodstore.eu\/en\/wp-json\/wp\/v2\/comments?post=1935"}],"wp:featuredmedia":[{"embeddable":true,"href":"https:\/\/www.goodstore.eu\/en\/wp-json\/wp\/v2\/media\/1929"}],"wp:attachment":[{"href":"https:\/\/www.goodstore.eu\/en\/wp-json\/wp\/v2\/media?parent=1935"}],"wp:term":[{"taxonomy":"product_cat","embeddable":true,"href":"https:\/\/www.goodstore.eu\/en\/wp-json\/wp\/v2\/product_cat?post=1935"},{"taxonomy":"product_tag","embeddable":true,"href":"https:\/\/www.goodstore.eu\/en\/wp-json\/wp\/v2\/product_tag?post=1935"}],"curies":[{"name":"wp","href":"https:\/\/api.w.org\/{rel}","templated":true}]}}