
{"id":1882,"date":"2019-03-29T16:18:17","date_gmt":"2019-03-29T16:18:17","guid":{"rendered":"http:\/\/127.0.0.1\/wp\/product\/kitarripea-kujuline-pannal-ja-must-vastupidav-pyksirihm\/"},"modified":"2022-04-18T12:05:38","modified_gmt":"2022-04-18T12:05:38","slug":"kitarripea-kujuline-pannal-ja-must-vastupidav-pyksirihm","status":"publish","type":"product","link":"https:\/\/www.goodstore.eu\/en\/shop\/kitarripea-kujuline-pannal-ja-must-vastupidav-pyksirihm\/","title":{"rendered":"Kitarripea kujuline pannal ja must vastupidav p\u00fcksirihm"},"content":{"rendered":"<p><\/p>\n<div>\n<p><span style=\"font-size: 16px;\">Seda kidramehed\u00a0ostaksid!<\/span><\/p>\n<p>Toote t\u00fc\u00fcp:\u00a0Meeste aksessuaar<br \/>\n<span style=\"color: #000000;\"><span style=\"font-family: Verdana, Arial, Helvetica, sans-serif;\"><span style=\"font-size: 12pt;\">Mater<\/span><\/span><\/span><span style=\"color: #000000;\"><span style=\"font-family: Verdana, Arial, Helvetica, sans-serif;\"><span style=\"font-size: 12pt;\">j<\/span><\/span><\/span><span style=\"color: #000000;\"><span style=\"font-family: Verdana, Arial, Helvetica, sans-serif;\"><span style=\"font-size: 12pt;\">al:\u00a0Emaileeritud h\u00f5bedakarva matt, metalli sulam<\/span><\/span><\/span><span style=\"color: #000000;\"><span style=\"font-family: Verdana, Arial, Helvetica, sans-serif;\"><span style=\"font-size: 12pt;\"><br \/>\n<\/span><\/span><\/span><span style=\"color: #000000;\"><span style=\"font-family: Verdana, Arial, Helvetica, sans-serif;\"><span style=\"font-size: 12pt;\">Pakend sisaldab<\/span><\/span><\/span><span style=\"color: #000000;\"><span style=\"font-family: Verdana, Arial, Helvetica, sans-serif;\"><span style=\"font-size: 12pt;\">: 1 x kitarripea kujuline\u00a0pannal ja 1 x lehmanahast must p\u00fcksirihm<\/span><\/span><\/span><span style=\"color: #000000;\"><span style=\"font-family: Verdana, Arial, Helvetica, sans-serif;\"><span style=\"font-size: 12pt;\"><br \/>\n<\/span><\/span><\/span><span style=\"font-size: 12pt;\">Pandla pikkus: 8 cm<br \/>\n<\/span><span style=\"font-size: 16px;\">Pandla laius:\u00a0 6 cm<\/span><br style=\"font-size: 16px;\" \/><span style=\"font-size: 16px;\">Rihma pikkus: 115 cm<\/span><br style=\"font-size: 16px;\" \/><span style=\"font-size: 16px;\">Rihma laius: 3,8 cm<\/span><br style=\"font-size: 16px;\" \/><span style=\"color: #000000;\"><span style=\"font-family: Verdana, Arial, Helvetica, sans-serif;\"><span style=\"font-size: 12pt;\">Toote kaal \/ pannal koos rihmaga<\/span><\/span><\/span><span style=\"color: #000000;\"><span style=\"font-family: Verdana, Arial, Helvetica, sans-serif;\"><span style=\"font-size: 12pt;\"><span style=\"font-size: 12pt;\">: 220 grammi\u00a0<\/span><\/span><\/span><\/span><\/p>\n<p>&nbsp;<\/p>\n<\/div>\n<div>\n<p><span style=\"font-size: 12pt;\"><span lang=\"et-ee\" xml:lang=\"et-ee\"><span style=\"text-decoration: underline;\"><b>P\u00f5hio<\/b><\/span><\/span><\/span><span style=\"font-size: 12pt;\"><span lang=\"et-ee\" xml:lang=\"et-ee\"><span style=\"text-decoration: underline;\"><b>madus<\/b><\/span><\/span><\/span><span style=\"font-size: 12pt;\"><span lang=\"et-ee\" xml:lang=\"et-ee\"><span style=\"text-decoration: underline;\"><b>ed:<\/b><\/span><\/span><\/span><\/p>\n<p>\u25cf Kitarripea kujuline tumesinise emailiga, originaalne<br \/>\n<span style=\"font-size: 12pt;\"><span lang=\"et-ee\" xml:lang=\"et-ee\">\u25cf Mehelik aksessuaar<br \/>\n<\/span><\/span><span style=\"font-size: 12pt;\"><span lang=\"et-ee\" xml:lang=\"et-ee\">\u25cf Pannal on valmistatud vastupidavast\u00a0metallisulamist<br \/>\n\u25cf Rihm on valmistatud lehmanahast<br \/>\n<\/span><\/span><span style=\"font-size: 12pt;\"><span lang=\"et-ee\" xml:lang=\"et-ee\"><span style=\"font-size: 12pt;\">\u25cf Sobib k\u00f5igile, kes muusikast lugu peavad nii \u00fcritustel kui ka igap\u00e4evaseks kasutamiseks<br \/>\n<\/span><\/span><\/span><\/p>\n<\/div>\n<p><\/p>","protected":false},"excerpt":{"rendered":"<p>Hea v\u00f5imalus ilma s\u00f5nadeta anda\u00a0edasi seda, mis on sinu elus t\u00e4htis!<\/p>\n<p>See pole mingi tavaline rihmapannal! Sellega kaasneb positiivne emotsioon, loomingulisus.<\/p>\n<p>\u00c4ra pikalt otsi &#8211; siin on sulle\u00a0suurep\u00e4rase disaini ja teostusega kingitus inimesele, kes armastab muusikat!<\/p>\n<p>\u00dcks p\u00e4ev on j\u00e4lle ilusam!<\/p>\n","protected":false},"featured_media":1878,"comment_status":"open","ping_status":"closed","template":"","meta":{"om_disable_all_campaigns":false,"_monsterinsights_skip_tracking":false,"_monsterinsights_sitenote_active":false,"_monsterinsights_sitenote_note":"","_monsterinsights_sitenote_category":0},"product_cat":[31,39,34,36],"product_tag":[],"class_list":{"0":"post-1882","1":"product","2":"type-product","3":"status-publish","4":"has-post-thumbnail","6":"product_cat-avalehele","7":"product_cat-muusika-temaatilised-tooted","8":"product_cat-kingitused-ja-kingiideed","9":"product_cat-stiil-ja-mood","12":"first","13":"outofstock","14":"taxable","15":"shipping-taxable","16":"purchasable","17":"product-type-simple"},"aioseo_notices":[],"_links":{"self":[{"href":"https:\/\/www.goodstore.eu\/en\/wp-json\/wp\/v2\/product\/1882"}],"collection":[{"href":"https:\/\/www.goodstore.eu\/en\/wp-json\/wp\/v2\/product"}],"about":[{"href":"https:\/\/www.goodstore.eu\/en\/wp-json\/wp\/v2\/types\/product"}],"replies":[{"embeddable":true,"href":"https:\/\/www.goodstore.eu\/en\/wp-json\/wp\/v2\/comments?post=1882"}],"wp:featuredmedia":[{"embeddable":true,"href":"https:\/\/www.goodstore.eu\/en\/wp-json\/wp\/v2\/media\/1878"}],"wp:attachment":[{"href":"https:\/\/www.goodstore.eu\/en\/wp-json\/wp\/v2\/media?parent=1882"}],"wp:term":[{"taxonomy":"product_cat","embeddable":true,"href":"https:\/\/www.goodstore.eu\/en\/wp-json\/wp\/v2\/product_cat?post=1882"},{"taxonomy":"product_tag","embeddable":true,"href":"https:\/\/www.goodstore.eu\/en\/wp-json\/wp\/v2\/product_tag?post=1882"}],"curies":[{"name":"wp","href":"https:\/\/api.w.org\/{rel}","templated":true}]}}